{"id":1052,"date":"2023-01-09T14:47:19","date_gmt":"2023-01-09T14:47:19","guid":{"rendered":"http:\/\/rejsebilen.dk\/?page_id=1052"},"modified":"2025-01-29T03:02:52","modified_gmt":"2025-01-29T03:02:52","slug":"brizy-1052","status":"publish","type":"page","link":"http:\/\/rejsebilen.dk\/?page_id=1052","title":{"rendered":"Rejsefilm"},"content":{"rendered":"<div class=\"brz-root__container brz-reset-all brz brz-root__container-page\">\n<section id=\"_vykynsgzjokeacmnmqfcpqeqlvackowwibmk\" class=\"brz-section brz-css-hxvmjf\">\n<div class=\"brz-section__content brz-section--boxed brz-css-u30num brz-css-qrr19b\" data-brz-custom-id=\"rkqigebmuixphjcvuwejowwmfsgblxppehzs\">\n<div class=\"brz-bg\">\n<div class=\"brz-bg-image\"><\/div>\n<div class=\"brz-bg-color\"><\/div>\n<\/div>\n<div class=\"brz-container brz-css-ve8sgn\">\n<div class=\"brz-row__container brz-css-95hyy\" data-brz-custom-id=\"nfdhktqakedakdwhmpbhidzvxccskrixqblx\">\n<div class=\"brz-bg\"><\/div>\n<div class=\"brz-row brz-css-3pvewi brz-css-135f1nd\">\n<div class=\"brz-columns brz-css-1d3jl4v brz-css-14c463u\" data-brz-custom-id=\"wikqzbroiztjupocyjourwvputlnvofdqegz\">\n<div class=\"brz-bg\"><\/div>\n<div class=\"brz-column__items brz-css-l8yu4a brz-css-1bjvjgd\">\n<div id=\"\" class=\"brz-css-1p50mku brz-css-17zt9bs brz-css-igs9wv brz-wrapper\">\n<div class=\"brz-spacer brz-css-f3qlci\"><\/div>\n<\/div>\n<\/div>\n<\/div>\n<\/div>\n<\/div>\n<div id=\"\" class=\"brz-css-1p50mku brz-css-186swm2 brz-wrapper\">\n<div class=\"brz-rich-text brz-rich-text__custom brz-css-1srvlmk\" data-brz-custom-id=\"xetpxbpinleubgkrukahwfvpbrhvkzmgaqkl\">\n<div data-brz-translate-text=\"1\">\n<p class=\"brz-tp-lg-heading1 brz-text-lg-right brz-css-yH0Ue\" data-uniq-id=\"acnzy\" data-generated-css=\"brz-css-dbnqk\">Se vores rejsefilm p\u00e5 vores <\/p>\n<p class=\"brz-tp-lg-heading1 brz-text-lg-right brz-css-sfgPt\" data-uniq-id=\"acnzy\" data-generated-css=\"brz-css-dbnqk\"><a class=\"link--external\" href=\"https:\/\/www.youtube.com\/@rejsebilen\" data-brz-link-type=\"external\">YouTubekanal: Rejsebilen dk <\/a><\/p>\n<\/div>\n<\/div>\n<\/div>\n<div id=\"\" class=\"brz-css-1p50mku brz-css-17zt9bs brz-wrapper\">\n<div class=\"brz-spacer brz-css-f3qlci brz-css-1yuhbng\"><\/div>\n<\/div>\n<div id=\"\" class=\"brz-css-1p50mku brz-css-1n5s1s5 brz-wrapper\">\n<div class=\"brz-rich-text brz-rich-text__custom brz-css-1srvlmk\" data-brz-custom-id=\"bcosknmjhdlxpicxtfjmfcfoheiukrnzopiz\">\n<div data-brz-translate-text=\"1\">\n<p class=\"brz-text-lg-right brz-fss-lg-px brz-fw-lg-400 brz-ls-lg-0 brz-lh-lg-1_8 brz-tp-lg-empty brz-ff-overpass brz-ft-google brz-fs-lg-20 brz-css-j4mxx\" data-uniq-id=\"ljbxb\" data-generated-css=\"brz-css-zdava\"><strong>Hvis du vil se en s\u00e6rlig rejse, s\u00e5 v\u00e6lg fra listen nedenfor.<\/strong><\/p>\n<\/div>\n<\/div>\n<\/div>\n<div id=\"\" class=\"brz-css-1p50mku brz-css-17zt9bs brz-wrapper\">\n<div class=\"brz-spacer brz-css-f3qlci brz-css-1x9l9eq\"><\/div>\n<\/div>\n<div class=\"brz-row__container brz-css-95hyy\" data-brz-custom-id=\"fkypkpayqpevqvodvedxsnccsxwipknltxgo\">\n<div class=\"brz-bg\"><\/div>\n<div class=\"brz-row brz-css-3pvewi brz-css-135f1nd\">\n<div class=\"brz-columns brz-css-1d3jl4v brz-css-pen0v8\" data-brz-custom-id=\"liuqrtkjvlyulqcydvlohwutwzlijkbbgkeq\">\n<div class=\"brz-bg\"><\/div>\n<div class=\"brz-column__items brz-css-l8yu4a\">\n<div id=\"\" class=\"brz-css-1p50mku brz-css-17zt9bs brz-wrapper\">\n<div class=\"brz-spacer brz-css-f3qlci brz-css-z0pvu1\"><\/div>\n<\/div>\n<\/div>\n<\/div>\n<\/div>\n<\/div>\n<\/div>\n<\/div>\n<\/section>\n<section id=\"_bxviuntcrhypiqgxcnfxijodnbvjwhlsbipp\" class=\"brz-section brz-css-hxvmjf\">\n<div class=\"brz-section__content brz-section--boxed brz-css-u30num brz-css-575vp8\" data-brz-custom-id=\"nuwilvgaenzqwnyqejbrdloaibnvrzapacof\">\n<div class=\"brz-bg\">\n<div class=\"brz-bg-image\"><\/div>\n<div class=\"brz-bg-color\"><\/div>\n<\/div>\n<div class=\"brz-container brz-css-ve8sgn brz-css-kp9vsz\">\n<div class=\"brz-row__container brz-css-95hyy\" data-brz-custom-id=\"liebupqmtjxeytjhncxeordjmnwodyzewqck\">\n<div class=\"brz-bg\"><\/div>\n<div class=\"brz-row brz-css-3pvewi brz-css-135f1nd\">\n<div class=\"brz-columns brz-css-1d3jl4v brz-css-3u6m1e\" data-brz-custom-id=\"raskwnffxfsnkxcjmjwobrwnxzvaasbpfdxa\">\n<div class=\"brz-bg\">\n<div class=\"brz-bg-color\"><\/div>\n<\/div>\n<div class=\"brz-column__items brz-css-l8yu4a brz-css-baph6x\">\n<div id=\"\" class=\"brz-css-1p50mku brz-css-zmxfrr brz-wrapper\">\n<div class=\"brz-rich-text brz-rich-text__custom brz-css-1srvlmk\" data-brz-custom-id=\"syuoeforfbwlohiaewqohzyrxekapshvuzxe\">\n<div data-brz-translate-text=\"1\">\n<h1 class=\"brz-fs-lg-28 brz-ft-google brz-ff-overpass brz-tp-lg-empty brz-lh-lg-1_3 brz-ls-lg-m_1_5 brz-fw-lg-700 brz-fss-lg-px brz-css-kBLyp\" data-uniq-id=\"urhjg\" data-generated-css=\"brz-css-bdops\"><span class=\"brz-cp-color2\">Klik her for at komme direkte til playlisten:<\/span><\/h1>\n<\/div>\n<\/div>\n<\/div>\n<div id=\"\" class=\"brz-css-1p50mku brz-css-d71hf3 brz-wrapper\">\n<div class=\"brz-rich-text brz-rich-text__custom brz-css-1srvlmk\" data-brz-custom-id=\"yxqfkmteqjyfgcwzdbrllnaocvfynoyqtvvl\">\n<div data-brz-translate-text=\"1\">\n<ol>\n<li class=\"brz-lh-lg-2 brz-ls-lg-0 brz-fw-lg-600 brz-fss-lg-px brz-fs-lg-20 brz-ft-google brz-ff-overpass brz-tp-lg-empty brz-tp-xs-heading4 brz-mb-lg-10 brz-mt-lg-10 brz-mt-xs-10 brz-mb-xs-10 brz-bcp-color2 brz-css-kTZXO\" style=\"opacity: 1\" data-uniq-id=\"xaxzs\" data-generated-css=\"brz-css-azfcq\"><a class=\"brz-cp-color2 link--external\" style=\"opacity: 1\" href=\"https:\/\/youtube.com\/playlist?list=PLiVfW0pk4CBW9gIQhdprfu49Rm1ZrH7Jv\" data-brz-link-type=\"external\" target=\"_blank\">Danmark &#8211; 2020<\/a><\/li>\n<li class=\"brz-lh-lg-2 brz-ls-lg-0 brz-fw-lg-600 brz-fss-lg-px brz-fs-lg-20 brz-ft-google brz-ff-overpass brz-tp-lg-empty brz-tp-xs-heading4 brz-mb-lg-10 brz-mt-lg-10 brz-mt-xs-10 brz-mb-xs-10 brz-bcp-color2 brz-css-fZOC7\" data-uniq-id=\"wsson\" data-generated-css=\"brz-css-kqzop\"><a class=\"brz-cp-color2 link--external\" href=\"https:\/\/youtube.com\/playlist?list=PLiVfW0pk4CBWOJsm2m6mpFLuIhc7WhQMj\" data-brz-link-type=\"external\" target=\"_blank\">Frankrig og Tyskland &#8211; 2020<\/a><\/li>\n<li class=\"brz-lh-lg-2 brz-ls-lg-0 brz-fw-lg-600 brz-fss-lg-px brz-fs-lg-20 brz-ft-google brz-ff-overpass brz-tp-lg-empty brz-tp-xs-heading4 brz-mb-lg-10 brz-mt-lg-10 brz-mt-xs-10 brz-mb-xs-10 brz-bcp-color2 brz-css-o2cnd\" data-uniq-id=\"wdiwg\" data-generated-css=\"brz-css-fwsig\"><a class=\"brz-cp-color2 link--external\" href=\"https:\/\/youtube.com\/playlist?list=PLiVfW0pk4CBXw9NFUnYUK-RslFzLcP4FZ\" data-brz-link-type=\"external\" target=\"_blank\">Danmark &#8211; 2021<\/a><\/li>\n<li class=\"brz-lh-lg-2 brz-ls-lg-0 brz-fw-lg-600 brz-fss-lg-px brz-fs-lg-20 brz-ft-google brz-ff-overpass brz-tp-lg-empty brz-tp-xs-heading4 brz-mb-lg-10 brz-mt-lg-10 brz-mt-xs-10 brz-mb-xs-10 brz-bcp-color2 brz-css-aqLcC\" data-uniq-id=\"rdtkq\" data-generated-css=\"brz-css-qlwxc\"><a class=\"brz-cp-color2 link--external\" href=\"https:\/\/youtube.com\/playlist?list=PLiVfW0pk4CBX401XeE4zszlkZW8Fa0O6q\" data-brz-link-type=\"external\" target=\"_blank\">Frankrig, Spanien og Portugal &#8211; 2021<\/a><\/li>\n<li class=\"brz-lh-lg-2 brz-ls-lg-0 brz-fw-lg-600 brz-fss-lg-px brz-fs-lg-20 brz-ft-google brz-ff-overpass brz-tp-lg-empty brz-tp-xs-heading4 brz-mb-lg-10 brz-mt-lg-10 brz-mt-xs-10 brz-mb-xs-10 brz-bcp-color2 brz-css-s9b8N\" data-uniq-id=\"dhjdt\" data-generated-css=\"brz-css-zmarn\"><a class=\"brz-cp-color2 link--external\" href=\"https:\/\/youtube.com\/playlist?list=PLiVfW0pk4CBVvkjg7KLDjpxDTzBGPL9Gd\" data-brz-link-type=\"external\" target=\"_blank\">Italien &#8211; 2022<\/a><\/li>\n<li class=\"brz-lh-lg-2 brz-ls-lg-0 brz-fw-lg-600 brz-fss-lg-px brz-fs-lg-20 brz-ft-google brz-ff-overpass brz-tp-lg-empty brz-tp-xs-heading4 brz-mb-lg-10 brz-mt-lg-10 brz-mt-xs-10 brz-mb-xs-10 brz-bcp-color2 brz-css-s72vC\" style=\"opacity: 1\" data-uniq-id=\"iztqi\" data-generated-css=\"brz-css-udopw\"><a class=\"brz-cp-color2 link--external\" style=\"opacity: 1\" href=\"https:\/\/youtube.com\/playlist?list=PLiVfW0pk4CBVLkfD8erehr-2TD1yvkdOb\" data-brz-link-type=\"external\" target=\"_blank\">Norden (Nordkap) &#8211; 2022<\/a><\/li>\n<li class=\"brz-lh-lg-2 brz-ls-lg-0 brz-fw-lg-600 brz-fss-lg-px brz-fs-lg-20 brz-ft-google brz-ff-overpass brz-tp-lg-empty brz-tp-xs-heading4 brz-mb-lg-10 brz-mt-lg-10 brz-mt-xs-10 brz-mb-xs-10 brz-bcp-color2 brz-css-g9UIt\" data-uniq-id=\"bmzsx\" data-generated-css=\"brz-css-qxpdv\"><a class=\"brz-cp-color2 link--external\" href=\"https:\/\/youtube.com\/playlist?list=PLiVfW0pk4CBWLQdTS0SqmnUAzAS-sCxST\" data-brz-link-type=\"external\" target=\"_blank\">Tyskland, Frankrig og Spanien &#8211; 2022<\/a><\/li>\n<li class=\"brz-lh-lg-2 brz-ls-lg-0 brz-fw-lg-600 brz-fss-lg-px brz-fs-lg-20 brz-ft-google brz-ff-overpass brz-tp-lg-empty brz-tp-xs-heading4 brz-mb-lg-10 brz-mt-lg-10 brz-mt-xs-10 brz-mb-xs-10 brz-bcp-color2 brz-css-n8Ei_\" data-uniq-id=\"inxlx\" data-generated-css=\"brz-css-hpxku\"><a class=\"brz-cp-color2 link--external\" href=\"https:\/\/youtube.com\/playlist?list=PLiVfW0pk4CBXfrwK3-CuRCmnmEboCNqW5\" data-brz-link-type=\"external\" target=\"_blank\">Marokko &#8211; 2022<\/a><\/li>\n<\/ol>\n<\/div>\n<\/div>\n<\/div>\n<\/div>\n<\/div>\n<div class=\"brz-columns brz-css-1d3jl4v brz-css-18u5pen\" data-brz-custom-id=\"umgpayafimhvawgokpbhaqcmvjswdvtlkdch\">\n<div class=\"brz-bg\"><\/div>\n<div class=\"brz-column__items brz-css-l8yu4a brz-css-hc199n\"><\/div>\n<\/div>\n<\/div>\n<\/div>\n<\/div>\n<\/div>\n<\/section>\n<section id=\"_brromtuhaeuekafkuklumyepemvcruwdzqfn\" class=\"brz-section brz-css-hxvmjf\">\n<div class=\"brz-section__content brz-section--boxed brz-css-u30num brz-css-1wxohrb\" data-brz-custom-id=\"rewydyuurpwogwhblzarmoxaiyghtuufvlta\">\n<div class=\"brz-container brz-css-ve8sgn\">\n<div class=\"brz-row__container brz-css-95hyy\" data-brz-custom-id=\"kqxnxelnhehjhfjbcsbkpwmckidszzcchoeo\">\n<div class=\"brz-bg\"><\/div>\n<div class=\"brz-row brz-css-3pvewi brz-css-135f1nd\">\n<div class=\"brz-columns brz-css-1d3jl4v brz-css-1oqf9tl\" data-brz-custom-id=\"ucukspyqhwagstzbnvgpthjlmzdxfxofxflt\">\n<div class=\"brz-bg\"><\/div>\n<div class=\"brz-column__items brz-css-l8yu4a\">\n<div id=\"\" class=\"brz-css-1p50mku brz-wrapper\">\n<div class=\"brz-image brz-css-1nqm1vy\" data-brz-custom-id=\"gspznoreproxchlumucmmlpasebitahiqyhk\"><a class=\"brz-a\" href=\"https:\/\/youtu.be\/-RDqj_sfwX8\" target=\"_self\" rel=\"noopener\" data-brz-link-type=\"external\"><img decoding=\"async\" class=\"brz-img\" src=\"https:\/\/rejsebilen.dk\/wp-content\/uploads\/brizy\/imgs\/cropped-rejsebilen.logo_.16-9.Black_.HD_.Transparent.-1-1-640x280x133x0x374x280x1672921560.png\" alt=\"\" loading=\"lazy\"><\/a><\/div>\n<\/div>\n<\/div>\n<p><a class=\"brz-a brz-container-link\" href=\"https:\/\/youtu.be\/-RDqj_sfwX8\" target=\"_blank\" rel=\"noopener\" data-brz-link-type=\"external\"><\/a><\/div>\n<div class=\"brz-columns brz-css-1d3jl4v brz-css-1ad1vsb\" data-brz-custom-id=\"dwbabpxloqjrvkcncbutpyqqfvssyesxbhmm\">\n<div class=\"brz-bg\"><\/div>\n<div class=\"brz-column__items brz-css-l8yu4a brz-css-1wyux6\">\n<div id=\"\" class=\"brz-css-1p50mku brz-css-uvmobu brz-wrapper\">\n<div class=\"brz-rich-text brz-rich-text__custom brz-css-1srvlmk\" data-brz-custom-id=\"duewfckbgffmdpnmyqtqiksvoxrxdrwhlqqr\">\n<div data-brz-translate-text=\"1\">\n<p class=\"brz-tp-lg-heading2 brz-css-xM7UD\" data-uniq-id=\"wuiqy\" data-generated-css=\"brz-css-mmjge\"><a class=\"brz-cp-color2 link--external\" href=\"https:\/\/youtu.be\/-RDqj_sfwX8\" data-brz-link-type=\"external\" target=\"_blank\">Ombord i Rejsebilen<\/a><\/p>\n<\/div>\n<\/div>\n<\/div>\n<div id=\"\" class=\"brz-css-1p50mku brz-css-17zt9bs brz-wrapper\">\n<div class=\"brz-spacer brz-css-f3qlci brz-css-yuhmja\"><\/div>\n<\/div>\n<div id=\"\" class=\"brz-css-1p50mku brz-css-17zt9bs brz-wrapper\">\n<div class=\"brz-spacer brz-css-f3qlci brz-css-qa9vvc\"><\/div>\n<\/div>\n<div id=\"\" class=\"brz-css-1p50mku brz-wrapper\">\n<div class=\"brz-rich-text brz-rich-text__custom brz-css-1srvlmk\" data-brz-custom-id=\"yjftwcvnbpghrvmkcqewwmxjwnrffqqiogaf\">\n<div data-brz-translate-text=\"1\">\n<p class=\"brz-tp-lg-paragraph brz-css-kkA2R\" data-generated-css=\"brz-css-frapw\" data-uniq-id=\"rwjsq\"><span class=\" brz-span\">Vi f\u00e5r rigtig mange henvendelser om Rejsebilens indretning og tekniske installationer. Vi har lavet denne lille video, hvor vi giver en rundtur i bilen og fort\u00e6ller lidt om hvordan vi bruger den. Velkommen indenfor.<\/span><\/p>\n<p class=\"brz-tp-lg-paragraph brz-css-mexse\" data-generated-css=\"brz-css-alcxt\" data-uniq-id=\"amrqb\"><\/p>\n<p class=\"brz-tp-lg-paragraph brz-css-syWjF\" data-generated-css=\"brz-css-hfhxh\" data-uniq-id=\"ebcur\"><span class=\" brz-span\">Vi skal g\u00f8re opm\u00e6rksom p\u00e5, at vi ikke er sponsorerede af nogen, og de ting vi viser i filmen har vi selv k\u00f8bt og betalt &#8211; det er s\u00e5ledes ikke hensigten at reklamere for noget som helst &#8211; blot fort\u00e6lle hvordan vi har indrettet os. S\u00e5 <\/span><\/p>\n<p class=\"brz-tp-lg-paragraph brz-css-ockzC\" data-generated-css=\"brz-css-hfhxh\" data-uniq-id=\"ebcur\"><span class=\" brz-span\">skulle disse regler for YouTube ogs\u00e5 v\u00e6re overholdt.<\/span><\/p>\n<\/div>\n<\/div>\n<\/div>\n<\/div>\n<p><a class=\"brz-a brz-container-link\" href=\"https:\/\/youtu.be\/-RDqj_sfwX8\" target=\"_self\" rel=\"noopener\" data-brz-link-type=\"external\"><\/a><\/div>\n<\/div>\n<\/div>\n<\/div>\n<\/div>\n<\/section>\n<section id=\"_jvcbtwjgzvbphgqgbyzhtvayodwzluawnovd\" class=\"brz-section brz-css-hxvmjf\">\n<div class=\"brz-section__content brz-section--boxed brz-css-u30num brz-css-1nz8e4\" data-brz-custom-id=\"jgzfoetigffagjxnhtoqbkvildarevgygyag\">\n<div class=\"brz-container brz-css-ve8sgn\">\n<div id=\"\" class=\"brz-css-1p50mku brz-wrapper\">\n<div class=\"brz-line brz-line-default brz-css-10rh9co brz-css-dmoums\" data-brz-custom-id=\"qfmcrrtqewsnlmelmivmmarhsifnvupuwnhn\">\n<hr class=\"brz-hr\"><\/div>\n<\/div>\n<\/div>\n<\/div>\n<\/section>\n<section id=\"_ynwhazljjdgfqzdptifzkncxrbizolfwjclb\" class=\"brz-section brz-css-hxvmjf\">\n<div class=\"brz-section__content brz-section--boxed brz-css-u30num brz-css-25kvc2\" data-brz-custom-id=\"dfhxrehdbhaqzqwtkvhecwuimimsnoquflsr\">\n<div class=\"brz-bg\">\n<div class=\"brz-bg-color\"><\/div>\n<\/div>\n<div class=\"brz-container brz-css-ve8sgn\">\n<div class=\"brz-row__container brz-css-95hyy brz-css-1c0wmll\" data-brz-custom-id=\"igephjvfyyvppqlqxlnxexheiqqsbopiqtid\">\n<div class=\"brz-bg\"><\/div>\n<div class=\"brz-row brz-css-3pvewi brz-css-135f1nd\">\n<div class=\"brz-columns brz-css-1d3jl4v brz-css-1ww1mzx\" data-brz-custom-id=\"vyodthpyywagwxmnchrientawlzxufxjfskz\">\n<div class=\"brz-bg\"><\/div>\n<div class=\"brz-column__items brz-css-l8yu4a brz-css-1po3z5b\">\n<div id=\"\" class=\"brz-css-1p50mku brz-css-ual3sp brz-wrapper\">\n<div class=\"brz-rich-text brz-rich-text__custom brz-css-1srvlmk\" data-brz-custom-id=\"istmovhsnlglnwfkgklrurufvkhdwkryrfvu\">\n<div data-brz-translate-text=\"1\">\n<p class=\"brz-tp-lg-paragraph brz-tp-sm-paragraph brz-text-lg-left brz-text-xs-center brz-tp-xs-paragraph brz-css-cyKIo\" data-generated-css=\"brz-css-uwbgi\" data-uniq-id=\"rtyyd\"><span class=\"brz-cp-color8\" style=\"opacity: 0.7\">All rights reserved \u00a9 2023 by Rejsebilen.dk<\/span><\/p>\n<\/div>\n<\/div>\n<\/div>\n<\/div>\n<\/div>\n<div class=\"brz-columns brz-css-1d3jl4v\" data-brz-custom-id=\"sfitilxgovajaboaojihfiuojrssdeewfuvq\">\n<div class=\"brz-bg\"><\/div>\n<div class=\"brz-column__items brz-css-l8yu4a brz-css-10jqbiq\">\n<div class=\"brz-wrapper-clone brz-css-tds58d brz-css-1kfguiv\">\n<div class=\"brz-d-xs-flex brz-flex-xs-wrap brz-css-1yntxxg brz-css-ohsi0d\" data-brz-custom-id=\"\">\n<div class=\"brz-wrapper-clone__item\" id=\"bcaqbhtkeogepvqtbndgmcpfmrwikztuqvkd\">\n<div class=\"brz-icon__container\" data-brz-custom-id=\"bcaqbhtkeogepvqtbndgmcpfmrwikztuqvkd\"><a class=\"brz-a\" href=\"https:\/\/www.facebook.com\/rejsebilen.dk.5\" target=\"_self\" rel=\"noopener\" data-brz-link-type=\"external\"><span class=\"brz-icon brz-span brz-css-ws8uww brz-css-1i2wol0\"><\/span><\/a><\/div>\n<\/div>\n<div class=\"brz-wrapper-clone__item\" id=\"bbdksqtpvtpchbveyedezfbnjplvtkhxbqcv\">\n<div class=\"brz-icon__container\" data-brz-custom-id=\"bbdksqtpvtpchbveyedezfbnjplvtkhxbqcv\"><a class=\"brz-a\" href=\"https:\/\/studio.youtube.com\/channel\/UCfoIDbvoYmcMZbR6GDlDpZA\/content\/playlists\" target=\"_self\" rel=\"noopener\" data-brz-link-type=\"external\"><span class=\"brz-icon brz-span brz-css-ws8uww brz-css-tekn84\"><\/span><\/a><\/div>\n<\/div>\n<\/div>\n<\/div>\n<\/div>\n<\/div>\n<\/div>\n<\/div>\n<\/div>\n<\/div>\n<\/section>\n<\/div>\n<p>    <!-- version:1738119772 --><\/p>\n","protected":false},"excerpt":{"rendered":"<p>Se vores rejsefilm p\u00e5 vores YouTubekanal: Rejsebilen dk Hvis du vil se en s\u00e6rlig rejse, s\u00e5 v\u00e6lg fra listen nedenfor. Klik her for at komme direkte til playlisten: Danmark &#8211; 2020 Frankrig og Tyskland &#8211; 2020 Danmark &#8211; 2021 Frankrig, Spanien og Portugal &#8211; 2021 Italien &#8211; 2022 Norden (Nordkap) &#8211; 2022 Tyskland, Frankrig og [&hellip;]<\/p>\n","protected":false},"author":1,"featured_media":0,"parent":0,"menu_order":0,"comment_status":"closed","ping_status":"closed","template":"brizy-blank-template.php","meta":{"_uag_custom_page_level_css":"","site-sidebar-layout":"default","site-content-layout":"","ast-site-content-layout":"","site-content-style":"default","site-sidebar-style":"default","ast-global-header-display":"","ast-banner-title-visibility":"","ast-main-header-display":"","ast-hfb-above-header-display":"","ast-hfb-below-header-display":"","ast-hfb-mobile-header-display":"","site-post-title":"","ast-breadcrumbs-content":"","ast-featured-img":"","footer-sml-layout":"","theme-transparent-header-meta":"","adv-header-id-meta":"","stick-header-meta":"","header-above-stick-meta":"","header-main-stick-meta":"","header-below-stick-meta":"","astra-migrate-meta-layouts":"default","ast-page-background-enabled":"default","ast-page-background-meta":{"desktop":{"background-color":"var(--ast-global-color-4)","background-image":"","background-repeat":"repeat","background-position":"center center","background-size":"auto","background-attachment":"scroll","background-type":"","background-media":"","overlay-type":"","overlay-color":"","overlay-opacity":"","overlay-gradient":""},"tablet":{"background-color":"","background-image":"","background-repeat":"repeat","background-position":"center center","background-size":"auto","background-attachment":"scroll","background-type":"","background-media":"","overlay-type":"","overlay-color":"","overlay-opacity":"","overlay-gradient":""},"mobile":{"background-color":"","background-image":"","background-repeat":"repeat","background-position":"center center","background-size":"auto","background-attachment":"scroll","background-type":"","background-media":"","overlay-type":"","overlay-color":"","overlay-opacity":"","overlay-gradient":""}},"ast-content-background-meta":{"desktop":{"background-color":"var(--ast-global-color-5)","background-image":"","background-repeat":"repeat","background-position":"center center","background-size":"auto","background-attachment":"scroll","background-type":"","background-media":"","overlay-type":"","overlay-color":"","overlay-opacity":"","overlay-gradient":""},"tablet":{"background-color":"var(--ast-global-color-5)","background-image":"","background-repeat":"repeat","background-position":"center center","background-size":"auto","background-attachment":"scroll","background-type":"","background-media":"","overlay-type":"","overlay-color":"","overlay-opacity":"","overlay-gradient":""},"mobile":{"background-color":"var(--ast-global-color-5)","background-image":"","background-repeat":"repeat","background-position":"center center","background-size":"auto","background-attachment":"scroll","background-type":"","background-media":"","overlay-type":"","overlay-color":"","overlay-opacity":"","overlay-gradient":""}},"footnotes":""},"class_list":["post-1052","page","type-page","status-publish","hentry"],"uagb_featured_image_src":{"full":false,"thumbnail":false,"medium":false,"medium_large":false,"large":false,"1536x1536":false,"2048x2048":false},"uagb_author_info":{"display_name":"admin","author_link":"http:\/\/rejsebilen.dk\/?author=1"},"uagb_comment_info":0,"uagb_excerpt":"Se vores rejsefilm p\u00e5 vores YouTubekanal: Rejsebilen dk Hvis du vil se en s\u00e6rlig rejse, s\u00e5 v\u00e6lg fra listen nedenfor. Klik her for at komme direkte til playlisten: Danmark &#8211; 2020 Frankrig og Tyskland &#8211; 2020 Danmark &#8211; 2021 Frankrig, Spanien og Portugal &#8211; 2021 Italien &#8211; 2022 Norden (Nordkap) &#8211; 2022 Tyskland, Frankrig og&hellip;","_links":{"self":[{"href":"http:\/\/rejsebilen.dk\/index.php?rest_route=\/wp\/v2\/pages\/1052","targetHints":{"allow":["GET"]}}],"collection":[{"href":"http:\/\/rejsebilen.dk\/index.php?rest_route=\/wp\/v2\/pages"}],"about":[{"href":"http:\/\/rejsebilen.dk\/index.php?rest_route=\/wp\/v2\/types\/page"}],"author":[{"embeddable":true,"href":"http:\/\/rejsebilen.dk\/index.php?rest_route=\/wp\/v2\/users\/1"}],"replies":[{"embeddable":true,"href":"http:\/\/rejsebilen.dk\/index.php?rest_route=%2Fwp%2Fv2%2Fcomments&post=1052"}],"version-history":[{"count":7,"href":"http:\/\/rejsebilen.dk\/index.php?rest_route=\/wp\/v2\/pages\/1052\/revisions"}],"predecessor-version":[{"id":1094,"href":"http:\/\/rejsebilen.dk\/index.php?rest_route=\/wp\/v2\/pages\/1052\/revisions\/1094"}],"wp:attachment":[{"href":"http:\/\/rejsebilen.dk\/index.php?rest_route=%2Fwp%2Fv2%2Fmedia&parent=1052"}],"curies":[{"name":"wp","href":"https:\/\/api.w.org\/{rel}","templated":true}]}}