{"id":1021,"date":"2023-01-09T13:12:43","date_gmt":"2023-01-09T13:12:43","guid":{"rendered":"http:\/\/rejsebilen.dk\/?page_id=1021"},"modified":"2025-01-28T19:12:23","modified_gmt":"2025-01-28T19:12:23","slug":"rejsedagbog-incl-kort","status":"publish","type":"page","link":"http:\/\/rejsebilen.dk\/?page_id=1021","title":{"rendered":"Rejsedagbog incl. kort"},"content":{"rendered":"<div class=\"brz-root__container brz-reset-all brz brz-root__container-page\">\n<section id=\"_stmwktciskuqrnqqoegyrvtehluovqxfckip\" class=\"brz-section brz-css-1twtxst\">\n<div class=\"brz-section__content brz-section--boxed brz-css-101qte1 brz-css-hqhutl\" data-brz-custom-id=\"bsweixejuizsczvuvkalxvtmulwyuujddzqd\">\n<div class=\"brz-bg\">\n<div class=\"brz-bg-image\"><\/div>\n<div class=\"brz-bg-color\"><\/div>\n<\/div>\n<div class=\"brz-container brz-css-wxnhs8\">\n<div class=\"brz-row__container brz-css-5vw83u\" data-brz-custom-id=\"fgpaotjtyxyinpnhhnakbkfqmubqxgnkutfg\">\n<div class=\"brz-bg\"><\/div>\n<div class=\"brz-row brz-css-15a6tb8 brz-css-1kp5ih3\">\n<div class=\"brz-columns brz-css-io1t1k brz-css-19qu552\" data-brz-custom-id=\"gntkzyliutnvubfihlyyeulqsahwqvalzlar\">\n<div class=\"brz-bg\"><\/div>\n<div class=\"brz-column__items brz-css-hsqsfx brz-css-ri9cis\">\n<div id=\"\" class=\"brz-css-1eeirlm brz-wrapper\">\n<div class=\"brz-rich-text brz-rich-text__custom brz-css-1r8hhnb\" data-brz-custom-id=\"ibkxgalmsuqsconpxczinkkjjzcpmemxjyiw\">\n<div data-brz-translate-text=\"1\">\n<h1 class=\"brz-tp-lg-heading1 brz-text-xs-center brz-text-lg-center brz-css-d4FKi\" data-generated-css=\"brz-css-oelqf\" data-uniq-id=\"izzur\">Se vores rejsedagb\u00f8ger p\u00e5 Polarsteps, hvor vi tracker vores rejser. Her er ogs\u00e5 fotos fra vores ture:<\/h1>\n<\/div>\n<\/div>\n<\/div>\n<div id=\"\" class=\"brz-css-1eeirlm brz-css-1c5xjzk brz-wrapper\">\n<div class=\"brz-rich-text brz-rich-text__custom brz-css-1r8hhnb\" data-brz-custom-id=\"ufwdtignkaokmacicnncrmyofbhfuduspbdh\">\n<div data-brz-translate-text=\"1\">\n<h1 class=\"brz-text-lg-center brz-tp-lg-heading1 brz-text-xs-center brz-mb-lg-0 brz-css-boEvA\" data-generated-css=\"brz-css-hpuyk\" data-uniq-id=\"xxojw\"><a class=\"brz-cp-color8 link--external\" href=\"https:\/\/www.polarsteps.com\/Rejsebilen\" data-brz-link-type=\"external\" target=\"_blank\" rel=\"noopener\">Se mere her<\/a><\/h1>\n<\/div>\n<\/div>\n<\/div>\n<div id=\"\" class=\"brz-css-1eeirlm brz-css-1c3vbtf brz-wrapper\">\n<div class=\"brz-rich-text brz-rich-text__custom brz-css-1r8hhnb\" data-brz-custom-id=\"lpdnwhrsaxkijutkezvgstygwdwgrevfsdln\">\n<div data-brz-translate-text=\"1\">\n<h1 class=\"brz-mb-lg-0 brz-text-xs-center brz-text-lg-center brz-tp-lg-empty brz-ff-overpass brz-ft-google brz-fs-lg-27 brz-fss-lg-px brz-fw-lg-700 brz-ls-lg-m_1_5 brz-lh-lg-1_3 brz-mt-xs-0 brz-mb-xs-53 brz-css-y0otc\" data-uniq-id=\"shxwn\" data-generated-css=\"brz-css-fgyky\"><span class=\"brz-cp-color2 brz-span\" style=\"\">Vejledning: klik p\u00e5 luppen nederst til h\u00f8jre i appen og s\u00f8g efter Rejsebilen og tryk p\u00e5 &#8220;f\u00f8lg&#8221;.<\/span><\/h1>\n<\/div>\n<\/div>\n<\/div>\n<\/div>\n<\/div>\n<\/div>\n<\/div>\n<div class=\"brz-row__container brz-css-5vw83u\" data-brz-custom-id=\"wusuqwpruemmvfbjfwallqyirjbxqhsjteho\">\n<div class=\"brz-bg\"><\/div>\n<div class=\"brz-row brz-css-15a6tb8 brz-css-1kp5ih3\">\n<div class=\"brz-columns brz-css-io1t1k brz-css-7ehbyc\" data-brz-custom-id=\"tmnaugmjefdrrfllxnuoyirlsldjxgxoebjd\">\n<div class=\"brz-bg\"><\/div>\n<div class=\"brz-column__items brz-css-hsqsfx brz-css-dx8f41\">\n<div id=\"\" class=\"brz-css-1eeirlm brz-css-9lfmyn brz-wrapper\">\n<div class=\"brz-image brz-css-nmzi30\" data-brz-custom-id=\"svaartovxakcmoalzlntmmwycaxientbjajb\"><picture class=\"brz-picture brz-d-block brz-p-relative brz-css-1gfvpe7\"><source srcset=\"https:\/\/rejsebilen.dk\/wp-content\/uploads\/brizy\/imgs\/2-296x642x0x25x296x591x1673272439.jpg 1x, https:\/\/rejsebilen.dk\/wp-content\/uploads\/brizy\/imgs\/2-592x1284x0x50x592x1182x1673272439.jpg 2x\" media=\"(min-width: 992px)\"><source srcset=\"https:\/\/rejsebilen.dk\/wp-content\/uploads\/brizy\/imgs\/2-188x407x0x16x188x375x1673272439.jpg 1x, https:\/\/rejsebilen.dk\/wp-content\/uploads\/brizy\/imgs\/2-376x814x0x32x376x750x1673272439.jpg 2x\" media=\"(min-width: 768px)\"><img decoding=\"async\" class=\"brz-img\" srcset=\"https:\/\/rejsebilen.dk\/wp-content\/uploads\/brizy\/imgs\/2-112x242x0x10x112x223x1673272439.jpg 1x, https:\/\/rejsebilen.dk\/wp-content\/uploads\/brizy\/imgs\/2-224x484x0x20x224x446x1673272439.jpg 2x\" src=\"https:\/\/rejsebilen.dk\/wp-content\/uploads\/brizy\/imgs\/2-296x642x0x25x296x591x1673272439.jpg\" alt=\"\" draggable=\"false\" loading=\"lazy\"><\/picture><\/div>\n<\/div>\n<div id=\"\" class=\"brz-css-1eeirlm brz-wrapper\">\n<div class=\"brz-rich-text brz-rich-text__custom brz-css-1r8hhnb\" data-brz-custom-id=\"ugxggyfwwybtlzqxioehvgqncruejmkriqhr\">\n<div data-brz-translate-text=\"1\">\n<p data-uniq-id=\"wsiif\" data-generated-css=\"brz-css-pwper\" class=\"brz-tp-lg-empty brz-ff-overpass brz-ft-google brz-fs-lg-22 brz-fss-lg-px brz-fw-lg-400 brz-ls-lg-0 brz-lh-lg-1_9 brz-text-lg-right brz-css-foccr\"><strong class=\"brz-cp-color2\">Turene bliver l\u00f8bende opdateret, s\u00e5 de er ikke helt komplette endnu.<\/strong><\/p>\n<\/div>\n<\/div>\n<\/div>\n<div id=\"\" class=\"brz-css-1eeirlm brz-css-g86exj brz-wrapper\">\n<div class=\"brz-spacer brz-css-16bhx5i brz-css-1uh7zok\"><\/div>\n<\/div>\n<\/div>\n<\/div>\n<\/div>\n<\/div>\n<div class=\"brz-row__container brz-css-5vw83u\" data-brz-custom-id=\"olnuplfxejwhycnzexidjuowjoyonincyvuq\">\n<div class=\"brz-bg\"><\/div>\n<div class=\"brz-row brz-css-15a6tb8 brz-css-1kp5ih3\">\n<div class=\"brz-columns brz-css-io1t1k brz-css-1nerdkf\" data-brz-custom-id=\"aqelnzqxtjynvgiemcawkbrpxypodkoxdath\">\n<div class=\"brz-bg\"><\/div>\n<div class=\"brz-column__items brz-css-hsqsfx brz-css-vwabiw\">\n<div id=\"\" class=\"brz-css-1eeirlm brz-css-g86exj brz-wrapper\">\n<div class=\"brz-spacer brz-css-16bhx5i brz-css-9zru2b\"><\/div>\n<\/div>\n<\/div>\n<\/div>\n<\/div>\n<\/div>\n<\/div>\n<\/div>\n<\/section>\n<\/div>\n<p>    <!-- version:1738091543 --><\/p>\n","protected":false},"excerpt":{"rendered":"<p>Se vores rejsedagb\u00f8ger p\u00e5 Polarsteps, hvor vi tracker vores rejser. Her er ogs\u00e5 fotos fra vores ture: Se mere her Vejledning: klik p\u00e5 luppen nederst til h\u00f8jre i appen og s\u00f8g efter Rejsebilen og tryk p\u00e5 &#8220;f\u00f8lg&#8221;. Turene bliver l\u00f8bende opdateret, s\u00e5 de er ikke helt komplette endnu.<\/p>\n","protected":false},"author":1,"featured_media":0,"parent":0,"menu_order":0,"comment_status":"closed","ping_status":"closed","template":"brizy-blank-template.php","meta":{"_uag_custom_page_level_css":"","site-sidebar-layout":"default","site-content-layout":"","ast-site-content-layout":"","site-content-style":"default","site-sidebar-style":"default","ast-global-header-display":"","ast-banner-title-visibility":"","ast-main-header-display":"","ast-hfb-above-header-display":"","ast-hfb-below-header-display":"","ast-hfb-mobile-header-display":"","site-post-title":"","ast-breadcrumbs-content":"","ast-featured-img":"","footer-sml-layout":"","theme-transparent-header-meta":"","adv-header-id-meta":"","stick-header-meta":"","header-above-stick-meta":"","header-main-stick-meta":"","header-below-stick-meta":"","astra-migrate-meta-layouts":"default","ast-page-background-enabled":"default","ast-page-background-meta":{"desktop":{"background-color":"var(--ast-global-color-4)","background-image":"","background-repeat":"repeat","background-position":"center center","background-size":"auto","background-attachment":"scroll","background-type":"","background-media":"","overlay-type":"","overlay-color":"","overlay-opacity":"","overlay-gradient":""},"tablet":{"background-color":"","background-image":"","background-repeat":"repeat","background-position":"center center","background-size":"auto","background-attachment":"scroll","background-type":"","background-media":"","overlay-type":"","overlay-color":"","overlay-opacity":"","overlay-gradient":""},"mobile":{"background-color":"","background-image":"","background-repeat":"repeat","background-position":"center center","background-size":"auto","background-attachment":"scroll","background-type":"","background-media":"","overlay-type":"","overlay-color":"","overlay-opacity":"","overlay-gradient":""}},"ast-content-background-meta":{"desktop":{"background-color":"var(--ast-global-color-5)","background-image":"","background-repeat":"repeat","background-position":"center center","background-size":"auto","background-attachment":"scroll","background-type":"","background-media":"","overlay-type":"","overlay-color":"","overlay-opacity":"","overlay-gradient":""},"tablet":{"background-color":"var(--ast-global-color-5)","background-image":"","background-repeat":"repeat","background-position":"center center","background-size":"auto","background-attachment":"scroll","background-type":"","background-media":"","overlay-type":"","overlay-color":"","overlay-opacity":"","overlay-gradient":""},"mobile":{"background-color":"var(--ast-global-color-5)","background-image":"","background-repeat":"repeat","background-position":"center center","background-size":"auto","background-attachment":"scroll","background-type":"","background-media":"","overlay-type":"","overlay-color":"","overlay-opacity":"","overlay-gradient":""}},"footnotes":""},"class_list":["post-1021","page","type-page","status-publish","hentry"],"uagb_featured_image_src":{"full":false,"thumbnail":false,"medium":false,"medium_large":false,"large":false,"1536x1536":false,"2048x2048":false},"uagb_author_info":{"display_name":"admin","author_link":"http:\/\/rejsebilen.dk\/?author=1"},"uagb_comment_info":0,"uagb_excerpt":"Se vores rejsedagb\u00f8ger p\u00e5 Polarsteps, hvor vi tracker vores rejser. Her er ogs\u00e5 fotos fra vores ture: Se mere her Vejledning: klik p\u00e5 luppen nederst til h\u00f8jre i appen og s\u00f8g efter Rejsebilen og tryk p\u00e5 &#8220;f\u00f8lg&#8221;. Turene bliver l\u00f8bende opdateret, s\u00e5 de er ikke helt komplette endnu.","_links":{"self":[{"href":"http:\/\/rejsebilen.dk\/index.php?rest_route=\/wp\/v2\/pages\/1021","targetHints":{"allow":["GET"]}}],"collection":[{"href":"http:\/\/rejsebilen.dk\/index.php?rest_route=\/wp\/v2\/pages"}],"about":[{"href":"http:\/\/rejsebilen.dk\/index.php?rest_route=\/wp\/v2\/types\/page"}],"author":[{"embeddable":true,"href":"http:\/\/rejsebilen.dk\/index.php?rest_route=\/wp\/v2\/users\/1"}],"replies":[{"embeddable":true,"href":"http:\/\/rejsebilen.dk\/index.php?rest_route=%2Fwp%2Fv2%2Fcomments&post=1021"}],"version-history":[{"count":9,"href":"http:\/\/rejsebilen.dk\/index.php?rest_route=\/wp\/v2\/pages\/1021\/revisions"}],"predecessor-version":[{"id":1047,"href":"http:\/\/rejsebilen.dk\/index.php?rest_route=\/wp\/v2\/pages\/1021\/revisions\/1047"}],"wp:attachment":[{"href":"http:\/\/rejsebilen.dk\/index.php?rest_route=%2Fwp%2Fv2%2Fmedia&parent=1021"}],"curies":[{"name":"wp","href":"https:\/\/api.w.org\/{rel}","templated":true}]}}